{"id":2437,"date":"2020-05-11T21:15:41","date_gmt":"2020-05-11T21:15:41","guid":{"rendered":"http:\/\/chicamocha.travel\/velez\/?page_id=2437"},"modified":"2020-07-19T23:38:47","modified_gmt":"2020-07-19T23:38:47","slug":"alcaldia","status":"publish","type":"page","link":"http:\/\/chicamocha.travel\/velez\/alcaldia\/","title":{"rendered":"Alcaldia"},"content":{"rendered":"\n<p style=\"font-size:0\" class=\"has-text-align-left\">La metodolog\u00eda utilizada para la elaboraci\u00f3n del Plan Institucional de Archivos PINAR de la Alcald\u00eda Municipal de V\u00e9lez, Santander, ser\u00e1 la establecida por el Archivo General de la Naci\u00f3n en el manual de formulaci\u00f3n del Plan Institucional de Archivos -PINAR.Se realizar\u00e1 una identificaci\u00f3n de la situaci\u00f3n actual, definici\u00f3nde aspectos cr\u00edticos, priorizaci\u00f3n de aspectos cr\u00edticos y ejes articuladores, formulaci\u00f3n de la visi\u00f3n estrat\u00e9gica del PINAR. Objetivos formulaci\u00f3n de planes y proyectos, mapa de ruta y construcci\u00f3n de herramientas de seguimiento y control.1.Evaluaci\u00f3n de la Situaci\u00f3nActualLa Alcald\u00eda Municipal de V\u00e9lez, Santander, realizo un an\u00e1lisis de las siguientes herramientas administrativas: El Diagn\u00f3stico Integral de Archivo 2018, Mapa de riesgos 2018 de la entidad, Autodiagn\u00f3stico de gesti\u00f3n documental formato del departamento administrativo de la funci\u00f3n p\u00fablica -DAFP y las visitas a las dependencias de la entidad para identificar los aspectos cr\u00edticos m\u00e1s relevantes. En donde se evidencio que la entidad presenta aspectos deficientes en la funci\u00f3n archiv\u00edstica, lo que conlleva a la perdida de la informaci\u00f3n y a la perdida de la memoria hist\u00f3rica de la entidad y la Naci\u00f3n.<\/p>\n\n\n\n<figure class=\"wp-block-image size-large\"><img loading=\"lazy\" decoding=\"async\" width=\"1024\" height=\"683\" src=\"http:\/\/chicamocha.travel\/velez\/wp-content\/uploads\/sites\/17\/2020\/07\/velez-de-noche-1024x683.jpg\" alt=\"\" class=\"wp-image-2760\" srcset=\"http:\/\/chicamocha.travel\/velez\/wp-content\/uploads\/sites\/17\/2020\/07\/velez-de-noche-980x653.jpg 980w, http:\/\/chicamocha.travel\/velez\/wp-content\/uploads\/sites\/17\/2020\/07\/velez-de-noche-480x320.jpg 480w\" sizes=\"(min-width: 0px) and (max-width: 480px) 480px, (min-width: 481px) and (max-width: 980px) 980px, (min-width: 981px) 1024px, 100vw\" \/><\/figure>\n","protected":false},"excerpt":{"rendered":"<p>La metodolog\u00eda utilizada para la elaboraci\u00f3n del Plan Institucional de Archivos PINAR de la Alcald\u00eda Municipal de V\u00e9lez, Santander, ser\u00e1 la establecida por el Archivo General de la Naci\u00f3n en el manual de formulaci\u00f3n del Plan Institucional de Archivos -PINAR.Se realizar\u00e1 una identificaci\u00f3n de la situaci\u00f3n actual, definici\u00f3nde aspectos cr\u00edticos, priorizaci\u00f3n de aspectos cr\u00edticos y [&hellip;]<\/p>\n","protected":false},"author":1,"featured_media":2090,"parent":0,"menu_order":0,"comment_status":"closed","ping_status":"closed","template":"","meta":{"_et_pb_use_builder":"off","_et_pb_old_content":"","_et_gb_content_width":"","footnotes":""},"_links":{"self":[{"href":"http:\/\/chicamocha.travel\/velez\/wp-json\/wp\/v2\/pages\/2437"}],"collection":[{"href":"http:\/\/chicamocha.travel\/velez\/wp-json\/wp\/v2\/pages"}],"about":[{"href":"http:\/\/chicamocha.travel\/velez\/wp-json\/wp\/v2\/types\/page"}],"author":[{"embeddable":true,"href":"http:\/\/chicamocha.travel\/velez\/wp-json\/wp\/v2\/users\/1"}],"replies":[{"embeddable":true,"href":"http:\/\/chicamocha.travel\/velez\/wp-json\/wp\/v2\/comments?post=2437"}],"version-history":[{"count":3,"href":"http:\/\/chicamocha.travel\/velez\/wp-json\/wp\/v2\/pages\/2437\/revisions"}],"predecessor-version":[{"id":2762,"href":"http:\/\/chicamocha.travel\/velez\/wp-json\/wp\/v2\/pages\/2437\/revisions\/2762"}],"wp:featuredmedia":[{"embeddable":true,"href":"http:\/\/chicamocha.travel\/velez\/wp-json\/wp\/v2\/media\/2090"}],"wp:attachment":[{"href":"http:\/\/chicamocha.travel\/velez\/wp-json\/wp\/v2\/media?parent=2437"}],"curies":[{"name":"wp","href":"https:\/\/api.w.org\/{rel}","templated":true}]}}