{"id":2435,"date":"2020-05-11T21:14:48","date_gmt":"2020-05-11T21:14:48","guid":{"rendered":"http:\/\/chicamocha.travel\/velez\/?page_id=2435"},"modified":"2020-05-11T21:14:48","modified_gmt":"2020-05-11T21:14:48","slug":"naturaleza","status":"publish","type":"page","link":"http:\/\/chicamocha.travel\/velez\/naturaleza\/","title":{"rendered":"Naturaleza"},"content":{"rendered":"\n<p>ha estigmatizado este tipo de planta en la regi\u00f3n. &nbsp;Son de colores vivos, como el rojo, pero en la parte inferior son de colores p\u00e1lidos; se les reconoce por ser blandos y suaves; miden en promedio tres cent\u00edmetros; crecen de forma natural en sitios donde haya descomposici\u00f3n de plantas, animales u otros hongos.<\/p>\n\n\n\n<p>Por otro lado, la fauna posee ese encanto sobrenatural que embruja los ojos y los o\u00eddos de los visitantes. Por todo el camino empedrado, que conduce a la Cueva del Indio, se siente el bello trinar del Torito Capiblanco. Ave muy colorida que habita generalmente la tierra santandereana; es de unos siete cent\u00edmetros de alto, alas de color negro y rojo y pico amarillo claro. Se alimenta especialmente de insectos y frutas. Actualmente se encuentra en peligro de extinci\u00f3n, debido a que se est\u00e1 invadiendo su habitad. Otra especie de ave muy reconocida a nivel mundial y que prospera de forma permanente con el ser humano es el Colibr\u00ed. Esta ave es originaria de Am\u00e9rica y se le puede encontrar en los jardines, en los parques naturales, en las zonas c\u00e1lidas y templadas, as\u00ed como tambi\u00e9n en el patio de nuestra casa.&nbsp; V\u00e9lez es un territorio de eterna belleza floral y esta cualidad es la que permite que el colibr\u00ed tenga un habitad natural y dom\u00e9stico, pues en muchos hogares vele\u00f1os las amas de casa permiten que ellas se alimenten del n\u00e9ctar de las flores que adornan el jard\u00edn.<\/p>\n\n\n\n<p>La geograf\u00eda regional permite que muchas aves tengan como habitad este territorio. V\u00e9lez se encuentra en medio de inmensas zonas verdes y de hermosos bosques aleda\u00f1os, lo que posibilitad una gran variedad de animales; fuente indispensable del turismo de monta\u00f1a y natural. En Santander se promueve este tipo de turismo, debido a que su terreno es agreste, de monta\u00f1as suntuosas y de eternos paisajes naturales. Muchos turistas visitan la provincia de V\u00e9lez por tener estas caracter\u00edsticas. Se encuentra delimitada por el r\u00edo Su\u00e1rez y por la falla de la Salina, al occidente. Posee un clima templado de monta\u00f1a, que oscila entre los 16 y los 17 grados cent\u00edgrados.<\/p>\n\n\n\n<p>Visitar V\u00e9lez es reconocer que lo m\u00e1s valioso de la vida no es la delimitada fuerza de la tecnolog\u00eda sino la inconmensurable belleza de la naturaleza.<\/p>\n","protected":false},"excerpt":{"rendered":"<p>ha estigmatizado este tipo de planta en la regi\u00f3n. &nbsp;Son de colores vivos, como el rojo, pero en la parte inferior son de colores p\u00e1lidos; se les reconoce por ser blandos y suaves; miden en promedio tres cent\u00edmetros; crecen de forma natural en sitios donde haya descomposici\u00f3n de plantas, animales u otros hongos. Por otro [&hellip;]<\/p>\n","protected":false},"author":1,"featured_media":2090,"parent":0,"menu_order":0,"comment_status":"closed","ping_status":"closed","template":"","meta":{"_et_pb_use_builder":"off","_et_pb_old_content":"","_et_gb_content_width":"","footnotes":""},"_links":{"self":[{"href":"http:\/\/chicamocha.travel\/velez\/wp-json\/wp\/v2\/pages\/2435"}],"collection":[{"href":"http:\/\/chicamocha.travel\/velez\/wp-json\/wp\/v2\/pages"}],"about":[{"href":"http:\/\/chicamocha.travel\/velez\/wp-json\/wp\/v2\/types\/page"}],"author":[{"embeddable":true,"href":"http:\/\/chicamocha.travel\/velez\/wp-json\/wp\/v2\/users\/1"}],"replies":[{"embeddable":true,"href":"http:\/\/chicamocha.travel\/velez\/wp-json\/wp\/v2\/comments?post=2435"}],"version-history":[{"count":1,"href":"http:\/\/chicamocha.travel\/velez\/wp-json\/wp\/v2\/pages\/2435\/revisions"}],"predecessor-version":[{"id":2436,"href":"http:\/\/chicamocha.travel\/velez\/wp-json\/wp\/v2\/pages\/2435\/revisions\/2436"}],"wp:featuredmedia":[{"embeddable":true,"href":"http:\/\/chicamocha.travel\/velez\/wp-json\/wp\/v2\/media\/2090"}],"wp:attachment":[{"href":"http:\/\/chicamocha.travel\/velez\/wp-json\/wp\/v2\/media?parent=2435"}],"curies":[{"name":"wp","href":"https:\/\/api.w.org\/{rel}","templated":true}]}}