{"id":2422,"date":"2020-05-11T21:02:46","date_gmt":"2020-05-11T21:02:46","guid":{"rendered":"http:\/\/chicamocha.travel\/velez\/?page_id=2422"},"modified":"2020-05-12T00:30:11","modified_gmt":"2020-05-12T00:30:11","slug":"atractivos","status":"publish","type":"page","link":"http:\/\/chicamocha.travel\/velez\/atractivos\/","title":{"rendered":"Atractivos"},"content":{"rendered":"\n<p>Todos los integrantes de este colegio se sienten orgullosos al ser parte de este Monumento Nacional, declarado as\u00ed desde 1973, por el presidente Misael Pastrana. Construido en el a\u00f1o de 1549 como monasterio franciscano, el Colegio Nacional Universitario ha sido una huella inviolable en la historia del municipio de V\u00e9lez. En \u00e9l se guardan las historias de los vele\u00f1os desde el a\u00f1o de 1824 cuando el general Francisco de Paula Santander lo declar\u00f3 plantel educativo y fue en 1973, seg\u00fan el Ministerio Nacional de Educaci\u00f3n, que empez\u00f3 a regir de forma definitiva como una instituci\u00f3n educativa, dando una educaci\u00f3n intelectual y moral a todos los habitantes de este municipio. El colegio permanece intacto y con gran fuerza para seguir funcionando; su color verde distintivo se ha mantenido durante d\u00e9cadas, record\u00e1ndoles a todos los visitantes la belleza de las praderas que poseen estas tierras. Asimismo, se ense\u00f1a y capacita a los vele\u00f1os en m\u00fasica. Es bien sabido que V\u00e9lez se conoce tambi\u00e9n por su folclor, y esto se debe a que sus habitantes tienen la facultad de tocar el tiple y bailar la guabina. El colegio, adem\u00e1s de su ense\u00f1anza intelectual, contribuye a no perder esta tradici\u00f3n musical.<\/p>\n","protected":false},"excerpt":{"rendered":"<p>Todos los integrantes de este colegio se sienten orgullosos al ser parte de este Monumento Nacional, declarado as\u00ed desde 1973, por el presidente Misael Pastrana. Construido en el a\u00f1o de 1549 como monasterio franciscano, el Colegio Nacional Universitario ha sido una huella inviolable en la historia del municipio de V\u00e9lez. En \u00e9l se guardan las [&hellip;]<\/p>\n","protected":false},"author":1,"featured_media":2090,"parent":0,"menu_order":0,"comment_status":"closed","ping_status":"closed","template":"","meta":{"_et_pb_use_builder":"off","_et_pb_old_content":"","_et_gb_content_width":"","footnotes":""},"_links":{"self":[{"href":"http:\/\/chicamocha.travel\/velez\/wp-json\/wp\/v2\/pages\/2422"}],"collection":[{"href":"http:\/\/chicamocha.travel\/velez\/wp-json\/wp\/v2\/pages"}],"about":[{"href":"http:\/\/chicamocha.travel\/velez\/wp-json\/wp\/v2\/types\/page"}],"author":[{"embeddable":true,"href":"http:\/\/chicamocha.travel\/velez\/wp-json\/wp\/v2\/users\/1"}],"replies":[{"embeddable":true,"href":"http:\/\/chicamocha.travel\/velez\/wp-json\/wp\/v2\/comments?post=2422"}],"version-history":[{"count":2,"href":"http:\/\/chicamocha.travel\/velez\/wp-json\/wp\/v2\/pages\/2422\/revisions"}],"predecessor-version":[{"id":2493,"href":"http:\/\/chicamocha.travel\/velez\/wp-json\/wp\/v2\/pages\/2422\/revisions\/2493"}],"wp:featuredmedia":[{"embeddable":true,"href":"http:\/\/chicamocha.travel\/velez\/wp-json\/wp\/v2\/media\/2090"}],"wp:attachment":[{"href":"http:\/\/chicamocha.travel\/velez\/wp-json\/wp\/v2\/media?parent=2422"}],"curies":[{"name":"wp","href":"https:\/\/api.w.org\/{rel}","templated":true}]}}