{"id":1287,"date":"2020-04-08T18:54:17","date_gmt":"2020-04-08T18:54:17","guid":{"rendered":"http:\/\/chicamocha.travel\/?page_id=1287"},"modified":"2024-02-05T22:04:20","modified_gmt":"2024-02-05T22:04:20","slug":"velez","status":"publish","type":"page","link":"http:\/\/chicamocha.travel\/velez\/","title":{"rendered":"Velez"},"content":{"rendered":"[et_pb_section admin_label=\u00bbsection\u00bb]\n\t\t\t[et_pb_row admin_label=\u00bbrow\u00bb]\n\t\t\t\t[et_pb_column type=\u00bb4_4&#8243;][et_pb_text admin_label=\u00bbText\u00bb]\n<figure class=\"wp-block-image size-large\"><img loading=\"lazy\" decoding=\"async\" width=\"1024\" height=\"683\" src=\"http:\/\/chicamocha.travel\/velez\/wp-content\/uploads\/sites\/17\/2020\/05\/IMG_6980-1024x683.jpg\" alt=\"\" class=\"wp-image-2362\" srcset=\"http:\/\/chicamocha.travel\/velez\/wp-content\/uploads\/sites\/17\/2020\/05\/IMG_6980-980x653.jpg 980w, http:\/\/chicamocha.travel\/velez\/wp-content\/uploads\/sites\/17\/2020\/05\/IMG_6980-480x320.jpg 480w\" sizes=\"(min-width: 0px) and (max-width: 480px) 480px, (min-width: 481px) and (max-width: 980px) 980px, (min-width: 981px) 1024px, 100vw\" \/><\/figure>\n\n\n\n<p>La Capital Folcl\u00f3rica de Colombia, como as\u00ed se conoce al municipio de V\u00e9lez, est\u00e1 ubicada a 238 kil\u00f3metros de la ciudad de Bucaramanga, capital del departamento de Santander, y a 180 kil\u00f3metros de Bogot\u00e1, capital de Colombia. Constituye el centro comercial, cultural y administrativo de la provincia que lleva su mismo nombre, por ser un municipio que posee un alto \u00edndice de crecimiento econ\u00f3mico y tambi\u00e9n por tener una larga y maravillosa historia, que data desde el a\u00f1o de 1539. Adem\u00e1s, se caracteriza porque su cultura tiene ese carisma alegre y folcl\u00f3rico que los ha distinguido desde su fundaci\u00f3n, debido a que cada a\u00f1o se celebra el Festival Nacional de la Guabina y el Tiple. Festival que tiene sus or\u00edgenes en el a\u00f1o de 1910, donde la poblaci\u00f3n se reun\u00eda a celebrar las Fiestas Reales en honor a Nuestra Se\u00f1ora de las Nieves.&nbsp;&nbsp;<\/p>\n\n\n\n<figure class=\"wp-block-image size-large\"><img loading=\"lazy\" decoding=\"async\" width=\"1024\" height=\"683\" src=\"http:\/\/chicamocha.travel\/velez\/wp-content\/uploads\/sites\/17\/2020\/05\/velez_santander2-min-1-1024x683.jpg\" alt=\"\" class=\"wp-image-2363\" srcset=\"http:\/\/chicamocha.travel\/velez\/wp-content\/uploads\/sites\/17\/2020\/05\/velez_santander2-min-1-980x653.jpg 980w, http:\/\/chicamocha.travel\/velez\/wp-content\/uploads\/sites\/17\/2020\/05\/velez_santander2-min-1-480x320.jpg 480w\" sizes=\"(min-width: 0px) and (max-width: 480px) 480px, (min-width: 481px) and (max-width: 980px) 980px, (min-width: 981px) 1024px, 100vw\" \/><\/figure>\n\n\n\n<p>V\u00e9lez limita al sur con Chipat\u00e1, al norte con Barbosa, al oriente con G\u00fcepsa y al occidente con Land\u00e1zuri. Municipios de igual trascendencia hist\u00f3rica y cultural del departamento de Santander, pero que tienen sus or\u00edgenes mucho tiempo despu\u00e9s que V\u00e9lez; esto hace que la capital folcl\u00f3rica de Colombia sea un sitio de inter\u00e9s para los historiadores, al ser la segunda ciudad fundada en el Nuevo Reino de Granada. El municipio de V\u00e9lez est\u00e1 ubicado en una altitud de 2090 mts snm, lo que favorece que su clima sea c\u00e1lido y agradable, en una temperatura promedio de 17.5 \u00b0 C. Gracias a ello, el municipio cuenta con una gran diversidad de productos agr\u00edcolas. Los principales son: La ca\u00f1a de az\u00facar, la guayaba, el caf\u00e9, el fr\u00edjol, el ma\u00edz, el cacao y una gran variedad de frutas y legumbres. Asimismo, tiene una fuerte tradici\u00f3n ganadera y seg\u00fan el Instituto Colombiano Agropecuario, ICA, oficina de V\u00e9lez, se estima que el n\u00famero de fincas ganaderas es de 1.500 y censadas&nbsp; 572, con un porcentaje de 15.000 bovinos.<\/p>\n\n\n\n<figure class=\"wp-block-gallery columns-2 is-cropped wp-block-gallery-1 is-layout-flex wp-block-gallery-is-layout-flex\"><ul class=\"blocks-gallery-grid\"><li class=\"blocks-gallery-item\"><figure><img loading=\"lazy\" decoding=\"async\" width=\"1024\" height=\"683\" src=\"http:\/\/chicamocha.travel\/velez\/wp-content\/uploads\/sites\/17\/2020\/05\/IMG_7079-1024x683.jpg\" alt=\"\" data-id=\"2364\" data-full-url=\"http:\/\/chicamocha.travel\/velez\/wp-content\/uploads\/sites\/17\/2020\/05\/IMG_7079.jpg\" data-link=\"http:\/\/chicamocha.travel\/velez\/velez\/img_7079\/\" class=\"wp-image-2364\" srcset=\"http:\/\/chicamocha.travel\/velez\/wp-content\/uploads\/sites\/17\/2020\/05\/IMG_7079-980x653.jpg 980w, http:\/\/chicamocha.travel\/velez\/wp-content\/uploads\/sites\/17\/2020\/05\/IMG_7079-480x320.jpg 480w\" sizes=\"(min-width: 0px) and (max-width: 480px) 480px, (min-width: 481px) and (max-width: 980px) 980px, (min-width: 981px) 1024px, 100vw\" \/><\/figure><\/li><li class=\"blocks-gallery-item\"><figure><img loading=\"lazy\" decoding=\"async\" width=\"1024\" height=\"683\" src=\"http:\/\/chicamocha.travel\/velez\/wp-content\/uploads\/sites\/17\/2020\/05\/naturaleza_santander-3-1024x683.jpg\" alt=\"\" data-id=\"2365\" data-full-url=\"http:\/\/chicamocha.travel\/velez\/wp-content\/uploads\/sites\/17\/2020\/05\/naturaleza_santander-3.jpg\" data-link=\"http:\/\/chicamocha.travel\/velez\/velez\/naturaleza_santander-3\/\" class=\"wp-image-2365\" srcset=\"http:\/\/chicamocha.travel\/velez\/wp-content\/uploads\/sites\/17\/2020\/05\/naturaleza_santander-3-980x653.jpg 980w, http:\/\/chicamocha.travel\/velez\/wp-content\/uploads\/sites\/17\/2020\/05\/naturaleza_santander-3-480x320.jpg 480w\" sizes=\"(min-width: 0px) and (max-width: 480px) 480px, (min-width: 481px) and (max-width: 980px) 980px, (min-width: 981px) 1024px, 100vw\" \/><\/figure><\/li><\/ul><\/figure>\n\n\n\n<p>Gracias a esta diversificaci\u00f3n de la actividad agr\u00edcola, V\u00e9lez ha podido desarrollar m\u00faltiples proyectos para el mejoramiento del campo, y as\u00ed uno de sus productos m\u00e1s representativos es La Guayaba, de ah\u00ed su segundo nombre cultural: La Capital Mundial de la Guayaba. Manjar dulce, de color rojo oscuro, que viene envuelto en una hoja de pl\u00e1tano seca, sin embargo, para su comercializaci\u00f3n nacional e internacional se utiliza una caja de cart\u00f3n, muy colorida.<\/p>\n\n\n\n<figure class=\"wp-block-gallery columns-2 is-cropped wp-block-gallery-2 is-layout-flex wp-block-gallery-is-layout-flex\"><ul class=\"blocks-gallery-grid\"><li class=\"blocks-gallery-item\"><figure><img loading=\"lazy\" decoding=\"async\" width=\"1024\" height=\"683\" src=\"http:\/\/chicamocha.travel\/velez\/wp-content\/uploads\/sites\/17\/2020\/05\/IMG_7079-1024x683.jpg\" alt=\"\" data-id=\"2364\" data-full-url=\"http:\/\/chicamocha.travel\/velez\/wp-content\/uploads\/sites\/17\/2020\/05\/IMG_7079.jpg\" data-link=\"http:\/\/chicamocha.travel\/velez\/velez\/img_7079\/\" class=\"wp-image-2364\" srcset=\"http:\/\/chicamocha.travel\/velez\/wp-content\/uploads\/sites\/17\/2020\/05\/IMG_7079-980x653.jpg 980w, http:\/\/chicamocha.travel\/velez\/wp-content\/uploads\/sites\/17\/2020\/05\/IMG_7079-480x320.jpg 480w\" sizes=\"(min-width: 0px) and (max-width: 480px) 480px, (min-width: 481px) and (max-width: 980px) 980px, (min-width: 981px) 1024px, 100vw\" \/><\/figure><\/li><li class=\"blocks-gallery-item\"><figure><img loading=\"lazy\" decoding=\"async\" width=\"1024\" height=\"683\" src=\"http:\/\/chicamocha.travel\/velez\/wp-content\/uploads\/sites\/17\/2020\/05\/naturaleza_santander-3-1024x683.jpg\" alt=\"\" data-id=\"2365\" data-full-url=\"http:\/\/chicamocha.travel\/velez\/wp-content\/uploads\/sites\/17\/2020\/05\/naturaleza_santander-3.jpg\" data-link=\"http:\/\/chicamocha.travel\/velez\/velez\/naturaleza_santander-3\/\" class=\"wp-image-2365\" srcset=\"http:\/\/chicamocha.travel\/velez\/wp-content\/uploads\/sites\/17\/2020\/05\/naturaleza_santander-3-980x653.jpg 980w, http:\/\/chicamocha.travel\/velez\/wp-content\/uploads\/sites\/17\/2020\/05\/naturaleza_santander-3-480x320.jpg 480w\" sizes=\"(min-width: 0px) and (max-width: 480px) 480px, (min-width: 481px) and (max-width: 980px) 980px, (min-width: 981px) 1024px, 100vw\" \/><\/figure><\/li><\/ul><\/figure>\n\n\n\n<p>Las calles de V\u00e9lez se ti\u00f1en de igual manera que su tradici\u00f3n folcl\u00f3rica: Un blanco, lleno de melod\u00eda, acompa\u00f1ado con m\u00faltiples colores vivos, como sus productos agr\u00edcolas. La poblaci\u00f3n es cordial con el visitante y eso se demuestra en los rostros llenos de alegr\u00eda y satisfacci\u00f3n; sus trajes t\u00edpicos, adornados con el color de la guayaba, el verde de sus praderas y el blanco de sus melod\u00edas, manifiestan esta caracter\u00edstica cuando danzan al escuchar el son de un tiple.<\/p>\n\n\n\n<figure class=\"wp-block-gallery columns-2 is-cropped wp-block-gallery-3 is-layout-flex wp-block-gallery-is-layout-flex\"><ul class=\"blocks-gallery-grid\"><li class=\"blocks-gallery-item\"><figure><img loading=\"lazy\" decoding=\"async\" width=\"1024\" height=\"683\" src=\"http:\/\/chicamocha.travel\/velez\/wp-content\/uploads\/sites\/17\/2020\/05\/IMG_7079-1024x683.jpg\" alt=\"\" data-id=\"2364\" data-full-url=\"http:\/\/chicamocha.travel\/velez\/wp-content\/uploads\/sites\/17\/2020\/05\/IMG_7079.jpg\" data-link=\"http:\/\/chicamocha.travel\/velez\/velez\/img_7079\/\" class=\"wp-image-2364\" srcset=\"http:\/\/chicamocha.travel\/velez\/wp-content\/uploads\/sites\/17\/2020\/05\/IMG_7079-980x653.jpg 980w, http:\/\/chicamocha.travel\/velez\/wp-content\/uploads\/sites\/17\/2020\/05\/IMG_7079-480x320.jpg 480w\" sizes=\"(min-width: 0px) and (max-width: 480px) 480px, (min-width: 481px) and (max-width: 980px) 980px, (min-width: 981px) 1024px, 100vw\" \/><\/figure><\/li><li class=\"blocks-gallery-item\"><figure><img loading=\"lazy\" decoding=\"async\" width=\"1024\" height=\"683\" src=\"http:\/\/chicamocha.travel\/velez\/wp-content\/uploads\/sites\/17\/2020\/05\/naturaleza_santander-3-1024x683.jpg\" alt=\"\" data-id=\"2365\" data-full-url=\"http:\/\/chicamocha.travel\/velez\/wp-content\/uploads\/sites\/17\/2020\/05\/naturaleza_santander-3.jpg\" data-link=\"http:\/\/chicamocha.travel\/velez\/velez\/naturaleza_santander-3\/\" class=\"wp-image-2365\" srcset=\"http:\/\/chicamocha.travel\/velez\/wp-content\/uploads\/sites\/17\/2020\/05\/naturaleza_santander-3-980x653.jpg 980w, http:\/\/chicamocha.travel\/velez\/wp-content\/uploads\/sites\/17\/2020\/05\/naturaleza_santander-3-480x320.jpg 480w\" sizes=\"(min-width: 0px) and (max-width: 480px) 480px, (min-width: 481px) and (max-width: 980px) 980px, (min-width: 981px) 1024px, 100vw\" \/><\/figure><\/li><\/ul><\/figure>\n[\/et_pb_text][\/et_pb_column]\n\t\t\t[\/et_pb_row]\n\t\t[\/et_pb_section]","protected":false},"excerpt":{"rendered":"<p>[et_pb_section admin_label=\u00bbsection\u00bb] [et_pb_row admin_label=\u00bbrow\u00bb] [et_pb_column type=\u00bb4_4&#8243;][et_pb_text admin_label=\u00bbText\u00bb] La Capital Folcl\u00f3rica de Colombia, como as\u00ed se conoce al municipio de V\u00e9lez, est\u00e1 ubicada a 238 kil\u00f3metros de la ciudad de Bucaramanga, capital del departamento de Santander, y a 180 kil\u00f3metros de Bogot\u00e1, capital de Colombia. Constituye el centro comercial, cultural y administrativo de la provincia que [&hellip;]<\/p>\n","protected":false},"author":1,"featured_media":2362,"parent":0,"menu_order":0,"comment_status":"closed","ping_status":"closed","template":"","meta":{"_et_pb_use_builder":"on","_et_pb_old_content":"<!-- wp:image {\"id\":2362,\"sizeSlug\":\"large\"} -->\n<figure class=\"wp-block-image size-large\"><img src=\"http:\/\/chicamocha.travel\/velez\/wp-content\/uploads\/sites\/17\/2020\/05\/IMG_6980-1024x683.jpg\" alt=\"\" class=\"wp-image-2362\"\/><\/figure>\n<!-- \/wp:image -->\n\n<!-- wp:paragraph -->\n<p>La Capital Folcl\u00f3rica de Colombia, como as\u00ed se conoce al municipio de V\u00e9lez, est\u00e1 ubicada a 238 kil\u00f3metros de la ciudad de Bucaramanga, capital del departamento de Santander, y a 180 kil\u00f3metros de Bogot\u00e1, capital de Colombia. Constituye el centro comercial, cultural y administrativo de la provincia que lleva su mismo nombre, por ser un municipio que posee un alto \u00edndice de crecimiento econ\u00f3mico y tambi\u00e9n por tener una larga y maravillosa historia, que data desde el a\u00f1o de 1539. Adem\u00e1s, se caracteriza porque su cultura tiene ese carisma alegre y folcl\u00f3rico que los ha distinguido desde su fundaci\u00f3n, debido a que cada a\u00f1o se celebra el Festival Nacional de la Guabina y el Tiple. Festival que tiene sus or\u00edgenes en el a\u00f1o de 1910, donde la poblaci\u00f3n se reun\u00eda a celebrar las Fiestas Reales en honor a Nuestra Se\u00f1ora de las Nieves.&nbsp;&nbsp;<\/p>\n<!-- \/wp:paragraph -->\n\n<!-- wp:image {\"id\":2363,\"sizeSlug\":\"large\"} -->\n<figure class=\"wp-block-image size-large\"><img src=\"http:\/\/chicamocha.travel\/velez\/wp-content\/uploads\/sites\/17\/2020\/05\/velez_santander2-min-1-1024x683.jpg\" alt=\"\" class=\"wp-image-2363\"\/><\/figure>\n<!-- \/wp:image -->\n\n<!-- wp:paragraph -->\n<p>V\u00e9lez limita al sur con Chipat\u00e1, al norte con Barbosa, al oriente con G\u00fcepsa y al occidente con Land\u00e1zuri. Municipios de igual trascendencia hist\u00f3rica y cultural del departamento de Santander, pero que tienen sus or\u00edgenes mucho tiempo despu\u00e9s que V\u00e9lez; esto hace que la capital folcl\u00f3rica de Colombia sea un sitio de inter\u00e9s para los historiadores, al ser la segunda ciudad fundada en el Nuevo Reino de Granada. El municipio de V\u00e9lez est\u00e1 ubicado en una altitud de 2090 mts snm, lo que favorece que su clima sea c\u00e1lido y agradable, en una temperatura promedio de 17.5 \u00b0 C. Gracias a ello, el municipio cuenta con una gran diversidad de productos agr\u00edcolas. Los principales son: La ca\u00f1a de az\u00facar, la guayaba, el caf\u00e9, el fr\u00edjol, el ma\u00edz, el cacao y una gran variedad de frutas y legumbres. Asimismo, tiene una fuerte tradici\u00f3n ganadera y seg\u00fan el Instituto Colombiano Agropecuario, ICA, oficina de V\u00e9lez, se estima que el n\u00famero de fincas ganaderas es de 1.500 y censadas&nbsp; 572, con un porcentaje de 15.000 bovinos.<\/p>\n<!-- \/wp:paragraph -->\n\n<!-- wp:gallery {\"ids\":[2364,2365]} -->\n<figure class=\"wp-block-gallery columns-2 is-cropped\"><ul class=\"blocks-gallery-grid\"><li class=\"blocks-gallery-item\"><figure><img src=\"http:\/\/chicamocha.travel\/velez\/wp-content\/uploads\/sites\/17\/2020\/05\/IMG_7079-1024x683.jpg\" alt=\"\" data-id=\"2364\" data-full-url=\"http:\/\/chicamocha.travel\/velez\/wp-content\/uploads\/sites\/17\/2020\/05\/IMG_7079.jpg\" data-link=\"http:\/\/chicamocha.travel\/velez\/velez\/img_7079\/\" class=\"wp-image-2364\"\/><\/figure><\/li><li class=\"blocks-gallery-item\"><figure><img src=\"http:\/\/chicamocha.travel\/velez\/wp-content\/uploads\/sites\/17\/2020\/05\/naturaleza_santander-3-1024x683.jpg\" alt=\"\" data-id=\"2365\" data-full-url=\"http:\/\/chicamocha.travel\/velez\/wp-content\/uploads\/sites\/17\/2020\/05\/naturaleza_santander-3.jpg\" data-link=\"http:\/\/chicamocha.travel\/velez\/velez\/naturaleza_santander-3\/\" class=\"wp-image-2365\"\/><\/figure><\/li><\/ul><\/figure>\n<!-- \/wp:gallery -->\n\n<!-- wp:paragraph -->\n<p>Gracias a esta diversificaci\u00f3n de la actividad agr\u00edcola, V\u00e9lez ha podido desarrollar m\u00faltiples proyectos para el mejoramiento del campo, y as\u00ed uno de sus productos m\u00e1s representativos es La Guayaba, de ah\u00ed su segundo nombre cultural: La Capital Mundial de la Guayaba. Manjar dulce, de color rojo oscuro, que viene envuelto en una hoja de pl\u00e1tano seca, sin embargo, para su comercializaci\u00f3n nacional e internacional se utiliza una caja de cart\u00f3n, muy colorida.<\/p>\n<!-- \/wp:paragraph -->\n\n<!-- wp:gallery {\"ids\":[2364,2365]} -->\n<figure class=\"wp-block-gallery columns-2 is-cropped\"><ul class=\"blocks-gallery-grid\"><li class=\"blocks-gallery-item\"><figure><img src=\"http:\/\/chicamocha.travel\/velez\/wp-content\/uploads\/sites\/17\/2020\/05\/IMG_7079-1024x683.jpg\" alt=\"\" data-id=\"2364\" data-full-url=\"http:\/\/chicamocha.travel\/velez\/wp-content\/uploads\/sites\/17\/2020\/05\/IMG_7079.jpg\" data-link=\"http:\/\/chicamocha.travel\/velez\/velez\/img_7079\/\" class=\"wp-image-2364\"\/><\/figure><\/li><li class=\"blocks-gallery-item\"><figure><img src=\"http:\/\/chicamocha.travel\/velez\/wp-content\/uploads\/sites\/17\/2020\/05\/naturaleza_santander-3-1024x683.jpg\" alt=\"\" data-id=\"2365\" data-full-url=\"http:\/\/chicamocha.travel\/velez\/wp-content\/uploads\/sites\/17\/2020\/05\/naturaleza_santander-3.jpg\" data-link=\"http:\/\/chicamocha.travel\/velez\/velez\/naturaleza_santander-3\/\" class=\"wp-image-2365\"\/><\/figure><\/li><\/ul><\/figure>\n<!-- \/wp:gallery -->\n\n<!-- wp:paragraph -->\n<p>Las calles de V\u00e9lez se ti\u00f1en de igual manera que su tradici\u00f3n folcl\u00f3rica: Un blanco, lleno de melod\u00eda, acompa\u00f1ado con m\u00faltiples colores vivos, como sus productos agr\u00edcolas. La poblaci\u00f3n es cordial con el visitante y eso se demuestra en los rostros llenos de alegr\u00eda y satisfacci\u00f3n; sus trajes t\u00edpicos, adornados con el color de la guayaba, el verde de sus praderas y el blanco de sus melod\u00edas, manifiestan esta caracter\u00edstica cuando danzan al escuchar el son de un tiple.<\/p>\n<!-- \/wp:paragraph -->\n\n<!-- wp:gallery {\"ids\":[2364,2365]} -->\n<figure class=\"wp-block-gallery columns-2 is-cropped\"><ul class=\"blocks-gallery-grid\"><li class=\"blocks-gallery-item\"><figure><img src=\"http:\/\/chicamocha.travel\/velez\/wp-content\/uploads\/sites\/17\/2020\/05\/IMG_7079-1024x683.jpg\" alt=\"\" data-id=\"2364\" data-full-url=\"http:\/\/chicamocha.travel\/velez\/wp-content\/uploads\/sites\/17\/2020\/05\/IMG_7079.jpg\" data-link=\"http:\/\/chicamocha.travel\/velez\/velez\/img_7079\/\" class=\"wp-image-2364\"\/><\/figure><\/li><li class=\"blocks-gallery-item\"><figure><img src=\"http:\/\/chicamocha.travel\/velez\/wp-content\/uploads\/sites\/17\/2020\/05\/naturaleza_santander-3-1024x683.jpg\" alt=\"\" data-id=\"2365\" data-full-url=\"http:\/\/chicamocha.travel\/velez\/wp-content\/uploads\/sites\/17\/2020\/05\/naturaleza_santander-3.jpg\" data-link=\"http:\/\/chicamocha.travel\/velez\/velez\/naturaleza_santander-3\/\" class=\"wp-image-2365\"\/><\/figure><\/li><\/ul><\/figure>\n<!-- \/wp:gallery -->","_et_gb_content_width":"","footnotes":""},"_links":{"self":[{"href":"http:\/\/chicamocha.travel\/velez\/wp-json\/wp\/v2\/pages\/1287"}],"collection":[{"href":"http:\/\/chicamocha.travel\/velez\/wp-json\/wp\/v2\/pages"}],"about":[{"href":"http:\/\/chicamocha.travel\/velez\/wp-json\/wp\/v2\/types\/page"}],"author":[{"embeddable":true,"href":"http:\/\/chicamocha.travel\/velez\/wp-json\/wp\/v2\/users\/1"}],"replies":[{"embeddable":true,"href":"http:\/\/chicamocha.travel\/velez\/wp-json\/wp\/v2\/comments?post=1287"}],"version-history":[{"count":11,"href":"http:\/\/chicamocha.travel\/velez\/wp-json\/wp\/v2\/pages\/1287\/revisions"}],"predecessor-version":[{"id":2921,"href":"http:\/\/chicamocha.travel\/velez\/wp-json\/wp\/v2\/pages\/1287\/revisions\/2921"}],"wp:featuredmedia":[{"embeddable":true,"href":"http:\/\/chicamocha.travel\/velez\/wp-json\/wp\/v2\/media\/2362"}],"wp:attachment":[{"href":"http:\/\/chicamocha.travel\/velez\/wp-json\/wp\/v2\/media?parent=1287"}],"curies":[{"name":"wp","href":"https:\/\/api.w.org\/{rel}","templated":true}]}}