{"id":2433,"date":"2020-05-11T21:13:31","date_gmt":"2020-05-11T21:13:31","guid":{"rendered":"http:\/\/chicamocha.travel\/barbosa\/?page_id=2433"},"modified":"2020-05-11T22:53:48","modified_gmt":"2020-05-11T22:53:48","slug":"ferias-y-fiestas","status":"publish","type":"page","link":"http:\/\/chicamocha.travel\/barbosa\/ferias-y-fiestas\/","title":{"rendered":"Ferias y Fiestas"},"content":{"rendered":"\n<p>Baile, m\u00fasica, tiple, alegr\u00eda es lo que se vive y se siente en las ferias y fiestas de V\u00e9lez. La alegr\u00eda desborda en las calles, el coraz\u00f3n late al son del tiple y las piernas se mueven al comp\u00e1s de la guabina. Las fiestas vele\u00f1as se caracterizan por ser alegres y llenas de vida, y como parte alterna, un lugar de conocimiento y aprendizaje. El turista no solo escuchar\u00e1 la felicidad de sus habitantes, sino que tendr\u00e1 la oportunidad de ver una celebraci\u00f3n que lleva m\u00e1s de cuatro\u00a0 siglos celebrando el ritmo aut\u00f3ctono de esta regi\u00f3n, y m\u00e1s de una d\u00e9cada recordando las bellas melod\u00edas del tiple santandereano.<\/p>\n","protected":false},"excerpt":{"rendered":"<p>Baile, m\u00fasica, tiple, alegr\u00eda es lo que se vive y se siente en las ferias y fiestas de V\u00e9lez. La alegr\u00eda desborda en las calles, el coraz\u00f3n late al son del tiple y las piernas se mueven al comp\u00e1s de la guabina. Las fiestas vele\u00f1as se caracterizan por ser alegres y llenas de vida, y [&hellip;]<\/p>\n","protected":false},"author":1,"featured_media":2090,"parent":0,"menu_order":0,"comment_status":"closed","ping_status":"closed","template":"","meta":{"_et_pb_use_builder":"off","_et_pb_old_content":"","_et_gb_content_width":"","footnotes":""},"_links":{"self":[{"href":"http:\/\/chicamocha.travel\/barbosa\/wp-json\/wp\/v2\/pages\/2433"}],"collection":[{"href":"http:\/\/chicamocha.travel\/barbosa\/wp-json\/wp\/v2\/pages"}],"about":[{"href":"http:\/\/chicamocha.travel\/barbosa\/wp-json\/wp\/v2\/types\/page"}],"author":[{"embeddable":true,"href":"http:\/\/chicamocha.travel\/barbosa\/wp-json\/wp\/v2\/users\/1"}],"replies":[{"embeddable":true,"href":"http:\/\/chicamocha.travel\/barbosa\/wp-json\/wp\/v2\/comments?post=2433"}],"version-history":[{"count":2,"href":"http:\/\/chicamocha.travel\/barbosa\/wp-json\/wp\/v2\/pages\/2433\/revisions"}],"predecessor-version":[{"id":2470,"href":"http:\/\/chicamocha.travel\/barbosa\/wp-json\/wp\/v2\/pages\/2433\/revisions\/2470"}],"wp:featuredmedia":[{"embeddable":true,"href":"http:\/\/chicamocha.travel\/barbosa\/wp-json\/wp\/v2\/media\/2090"}],"wp:attachment":[{"href":"http:\/\/chicamocha.travel\/barbosa\/wp-json\/wp\/v2\/media?parent=2433"}],"curies":[{"name":"wp","href":"https:\/\/api.w.org\/{rel}","templated":true}]}}